{"id":412,"date":"2021-08-09T06:18:26","date_gmt":"2021-08-09T06:18:26","guid":{"rendered":"http:\/\/localhost\/hoclaixe\/?page_id=412"},"modified":"2026-02-27T12:45:38","modified_gmt":"2026-02-27T05:45:38","slug":"lien-he","status":"publish","type":"page","link":"https:\/\/thaynhadaylaioto.com\/?page_id=412","title":{"rendered":"Li\u00ean h\u1ec7"},"content":{"rendered":"\t<section class=\"section\" id=\"section_98416061\">\n\t\t<div class=\"bg section-bg fill bg-fill  \" >\n\n\t\t\t\n\t\t\t\n\t\t\t\n\n\t\t<\/div>\n\n\t\t\n\n\t\t<div class=\"section-content relative\">\n\t\t\t\n<h2 style=\"text-align: center;\"><span style=\"color: #ffffff;\">Th\u1ea7y Nh\u00e3 D\u1ea1y L\u00e1i Xe V\u1eefng Tay L\u00e1i, T\u1ef1 Tin Ra \u0110\u01b0\u1eddng<\/span><\/h2>\n\t\t<\/div>\n\n\t\t\n<style>\n#section_98416061 {\n  padding-top: 30px;\n  padding-bottom: 30px;\n  margin-bottom: 20px;\n  min-height: 450px;\n}\n#section_98416061 .section-bg.bg-loaded {\n  background-image: url(https:\/\/thaynhadaylaioto.com\/wp-content\/uploads\/2026\/02\/z7364891849785_6041fc4800da0a176de1c009c5449b84-533x400-2.jpg);\n}\n#section_98416061 .section-bg {\n  background-position: 58% 23%;\n}\n#section_98416061 .ux-shape-divider--top svg {\n  height: 150px;\n  --divider-top-width: 100%;\n}\n#section_98416061 .ux-shape-divider--bottom svg {\n  height: 150px;\n  --divider-width: 100%;\n}\n<\/style>\n\t<\/section>\n\t\n<div class=\"row row-collapse align-equal align-center\"  id=\"row-734087755\">\n\n\t<div id=\"col-1249293911\" class=\"col contact__info medium-12 small-12 large-5\"  >\n\t\t\t\t<div class=\"col-inner text-center dark\" style=\"background-color:#1e73be;\" >\n\t\t\t\n\t\t\t\n\t<div id=\"text-1824997973\" class=\"text\">\n\t\t\n<h2>TH\u00d4NG TIN LI\u00caN H\u1ec6<\/h2>\n\t\t\n<style>\n#text-1824997973 {\n  color: rgb(255, 255, 255);\n}\n#text-1824997973 > * {\n  color: rgb(255, 255, 255);\n}\n<\/style>\n\t<\/div>\n\t\n\t<div id=\"gap-698951293\" class=\"gap-element clearfix\" style=\"display:block; height:auto;\">\n\t\t\n<style>\n#gap-698951293 {\n  padding-top: 10px;\n}\n<\/style>\n\t<\/div>\n\t\n\n\t\t<div class=\"icon-box featured-box icon-box-left text-left\"  >\n\t\t\t\t\t<div class=\"icon-box-img\" style=\"width: 20px\">\n\t\t\t\t<div class=\"icon\">\n\t\t\t\t\t<div class=\"icon-inner\" >\n\t\t\t\t\t\t<svg width=\"20\" height=\"20\" viewBox=\"0 0 20 20\" fill=\"none\" xmlns=\"http:\/\/www.w3.org\/2000\/svg\">\n<path d=\"M3.60002 0C2.94221 0 2.40002 0.542188 2.40002 1.2V20H17.6V1.2C17.6 0.542188 17.0578 0 16.4 0H3.60002ZM3.60002 0.8H16.4C16.6219 0.8 16.8 0.978125 16.8 1.2V19.2H15.2V14.4H10.8V19.2H3.20002V1.2C3.20002 0.978125 3.37815 0.8 3.60002 0.8ZM4.80002 2.4V5.6H9.20002V2.4H4.80002ZM10.8 2.4V5.6H15.2V2.4H10.8ZM5.60002 3.2H8.40002V4.8H5.60002V3.2ZM11.6 3.2H14.4V4.8H11.6V3.2ZM4.80002 6.4V9.6H9.20002V6.4H4.80002ZM10.8 6.4V9.6H15.2V6.4H10.8ZM5.60002 7.2H8.40002V8.8H5.60002V7.2ZM11.6 7.2H14.4V8.8H11.6V7.2ZM4.80002 10.4V13.6H9.20002V10.4H4.80002ZM10.8 10.4V13.6H15.2V10.4H10.8ZM5.60002 11.2H8.40002V12.8H5.60002V11.2ZM11.6 11.2H14.4V12.8H11.6V11.2ZM4.80002 14.4V17.6H9.20002V14.4H4.80002ZM5.60002 15.2H8.40002V16.8H5.60002V15.2ZM11.6 15.2H14.4V19.2H11.6V15.2Z\" fill=\"#333333\"\/>\n<\/svg>\n\t\t\t\t\t<\/div>\n\t\t\t\t<\/div>\n\t\t\t<\/div>\n\t\t\t\t<div class=\"icon-box-text last-reset\">\n\t\t\t\t\t\t\t\t\t\n\t<div id=\"text-1855118718\" class=\"text\">\n\t\t\n<p><strong data-start=\"20\" data-end=\"34\">V\u0103n ph\u00f2ng:<\/strong> 68A \u0110\u01b0\u1eddng C12, Ph\u01b0\u1eddng T\u00e2n B\u00ecnh, T\u00e2n B\u00ecnh, Th\u00e0nh ph\u1ed1 H\u1ed3 Ch\u00ed Minh<\/p>\n\t\t\n<style>\n#text-1855118718 {\n  color: rgb(255, 255, 255);\n}\n#text-1855118718 > * {\n  color: rgb(255, 255, 255);\n}\n<\/style>\n\t<\/div>\n\t\n\t\t<\/div>\n\t<\/div>\n\t\n\t\n\n\t\t<div class=\"icon-box featured-box icon-box-left text-left\"  >\n\t\t\t\t\t<div class=\"icon-box-img\" style=\"width: 20px\">\n\t\t\t\t<div class=\"icon\">\n\t\t\t\t\t<div class=\"icon-inner\" >\n\t\t\t\t\t\t<svg width=\"20\" height=\"20\" viewBox=\"0 0 20 20\" fill=\"none\" xmlns=\"http:\/\/www.w3.org\/2000\/svg\">\n<path d=\"M3.60002 0C2.94221 0 2.40002 0.542188 2.40002 1.2V20H17.6V1.2C17.6 0.542188 17.0578 0 16.4 0H3.60002ZM3.60002 0.8H16.4C16.6219 0.8 16.8 0.978125 16.8 1.2V19.2H15.2V14.4H10.8V19.2H3.20002V1.2C3.20002 0.978125 3.37815 0.8 3.60002 0.8ZM4.80002 2.4V5.6H9.20002V2.4H4.80002ZM10.8 2.4V5.6H15.2V2.4H10.8ZM5.60002 3.2H8.40002V4.8H5.60002V3.2ZM11.6 3.2H14.4V4.8H11.6V3.2ZM4.80002 6.4V9.6H9.20002V6.4H4.80002ZM10.8 6.4V9.6H15.2V6.4H10.8ZM5.60002 7.2H8.40002V8.8H5.60002V7.2ZM11.6 7.2H14.4V8.8H11.6V7.2ZM4.80002 10.4V13.6H9.20002V10.4H4.80002ZM10.8 10.4V13.6H15.2V10.4H10.8ZM5.60002 11.2H8.40002V12.8H5.60002V11.2ZM11.6 11.2H14.4V12.8H11.6V11.2ZM4.80002 14.4V17.6H9.20002V14.4H4.80002ZM5.60002 15.2H8.40002V16.8H5.60002V15.2ZM11.6 15.2H14.4V19.2H11.6V15.2Z\" fill=\"#333333\"\/>\n<\/svg>\n\t\t\t\t\t<\/div>\n\t\t\t\t<\/div>\n\t\t\t<\/div>\n\t\t\t\t<div class=\"icon-box-text last-reset\">\n\t\t\t\t\t\t\t\t\t\n\t<div id=\"text-3552436041\" class=\"text\">\n\t\t\n<p><strong data-start=\"102\" data-end=\"118\">\u0110\u1ecba ch\u1ec9 nh\u00e0:<\/strong> 45\/48 \u0110. Tr\u1ea7n Huy Li\u1ec7u, Ph\u01b0\u1eddng Ph\u00fa Nhu\u1eadn, Th\u00e0nh ph\u1ed1 H\u1ed3 Ch\u00ed Minh<\/p>\n\t\t\n<style>\n#text-3552436041 {\n  color: rgb(255, 255, 255);\n}\n#text-3552436041 > * {\n  color: rgb(255, 255, 255);\n}\n<\/style>\n\t<\/div>\n\t\n\t\t<\/div>\n\t<\/div>\n\t\n\t\n\t<div id=\"gap-169008259\" class=\"gap-element clearfix\" style=\"display:block; height:auto;\">\n\t\t\n<style>\n#gap-169008259 {\n  padding-top: 10px;\n}\n<\/style>\n\t<\/div>\n\t\n\n\t\t<div class=\"icon-box featured-box icon-box-left text-left\"  >\n\t\t\t\t\t<div class=\"icon-box-img\" style=\"width: 20px\">\n\t\t\t\t<div class=\"icon\">\n\t\t\t\t\t<div class=\"icon-inner\" >\n\t\t\t\t\t\t<svg width=\"20\" height=\"20\" viewBox=\"0 0 20 20\" fill=\"none\" xmlns=\"http:\/\/www.w3.org\/2000\/svg\">\n<path d=\"M4.73593 1.19549C4.42812 1.17049 4.08593 1.25955 3.77031 1.48143C3.49218 1.67518 2.89218 2.15174 2.33124 2.6908C2.05156 2.95955 1.78437 3.23924 1.57812 3.51424C1.37031 3.78924 1.18906 4.0408 1.19999 4.40643C1.21093 4.73455 1.24374 5.70487 1.94218 7.19237C2.64062 8.6783 3.99531 10.7174 6.63749 13.3611C9.28125 16.0049 11.3203 17.3596 12.8062 18.058C14.2922 18.7564 15.2641 18.7892 15.5922 18.8002C15.9562 18.8111 16.2078 18.6299 16.4828 18.4221C16.7578 18.2142 17.0375 17.9486 17.3062 17.6689C17.8437 17.108 18.3203 16.508 18.5141 16.2299C18.9562 15.6002 18.8828 14.8564 18.3906 14.5111C18.0812 14.2939 15.2359 12.4002 14.8078 12.1377C14.3734 11.8721 13.8734 11.9924 13.4266 12.2283C13.075 12.4142 12.1234 12.9596 11.8516 13.1158C11.6469 12.9861 10.8703 12.4689 9.2 10.7986C7.52812 9.1283 7.0125 8.35174 6.88281 8.14705C7.03906 7.87518 7.58281 6.9283 7.77031 6.57049C8.00468 6.12518 8.13593 5.62049 7.85624 5.18299C7.73906 4.99705 7.20624 4.18612 6.66874 3.37205C6.12968 2.55799 5.61874 1.78612 5.48593 1.60174V1.60018C5.31249 1.36112 5.04218 1.22049 4.73593 1.19549ZM10 2.00018V2.80018C13.9703 2.80018 17.2 6.02987 17.2 10.0002H18C18 5.58924 14.4109 2.00018 10 2.00018ZM4.66249 2.01268C4.77187 2.02674 4.83749 2.07049 4.83749 2.07049C4.90156 2.15955 5.46249 3.00018 5.99999 3.81268C6.53749 4.62674 7.08593 5.46112 7.18124 5.61268C7.19687 5.63612 7.21874 5.90174 7.06249 6.19705V6.19862C6.88593 6.53455 6.06249 7.97362 6.06249 7.97362L5.94843 8.17518L6.06562 8.37518C6.06562 8.37518 6.67968 9.41112 8.63281 11.3642C10.5875 13.3174 11.6234 13.933 11.6234 13.933L11.8234 14.0502L12.025 13.9361C12.025 13.9361 13.4609 13.1142 13.8 12.9361C14.0953 12.7814 14.3609 12.8017 14.3922 12.8205C14.6687 12.9908 17.7422 15.033 17.9312 15.1658C17.9375 15.1705 18.1047 15.4236 17.8609 15.7705H17.8594C17.7125 15.9814 17.2312 16.5924 16.7297 17.1142C16.4781 17.3752 16.2203 17.6189 16.0016 17.783C15.7828 17.9471 15.5875 17.9986 15.6187 18.0002C15.2781 17.9892 14.5266 17.9814 13.1469 17.333C11.7672 16.6861 9.79843 15.3908 7.20312 12.7939C4.60937 10.2002 3.31406 8.23143 2.66562 6.85018C2.01874 5.47049 2.01093 4.71893 1.99999 4.37987C2.00156 4.41112 2.05312 4.21424 2.21718 3.99549C2.38124 3.77674 2.62343 3.51737 2.88437 3.2658C3.40781 2.76424 4.01718 2.28299 4.22812 2.13612V2.13768C4.40156 2.0158 4.55312 2.00018 4.66249 2.01268ZM10 4.21737V5.01737C12.7484 5.01737 14.9828 7.2533 14.9828 10.0002H15.7828C15.7828 6.81112 13.1891 4.21737 10 4.21737ZM10 6.40018V7.20018C11.5437 7.20018 12.8 8.45643 12.8 10.0002H13.6C13.6 8.01424 11.9844 6.40018 10 6.40018Z\" fill=\"#333333\"\/>\n<\/svg>\n\t\t\t\t\t<\/div>\n\t\t\t\t<\/div>\n\t\t\t<\/div>\n\t\t\t\t<div class=\"icon-box-text last-reset\">\n\t\t\t\t\t\t\t\t\t\n\t<div id=\"text-1041831036\" class=\"text\">\n\t\t\n<p>Hotline: 0938613316<\/p>\n\t\t\n<style>\n#text-1041831036 {\n  color: rgb(255, 255, 255);\n}\n#text-1041831036 > * {\n  color: rgb(255, 255, 255);\n}\n<\/style>\n\t<\/div>\n\t\n\t\t<\/div>\n\t<\/div>\n\t\n\t\n\t<div id=\"gap-989528065\" class=\"gap-element clearfix\" style=\"display:block; height:auto;\">\n\t\t\n<style>\n#gap-989528065 {\n  padding-top: 10px;\n}\n<\/style>\n\t<\/div>\n\t\n\n\t\t<div class=\"icon-box featured-box icon-box-left text-left\"  >\n\t\t\t\t\t<div class=\"icon-box-img\" style=\"width: 20px\">\n\t\t\t\t<div class=\"icon\">\n\t\t\t\t\t<div class=\"icon-inner\" >\n\t\t\t\t\t\t<svg width=\"20\" height=\"20\" viewBox=\"0 0 20 20\" fill=\"none\" xmlns=\"http:\/\/www.w3.org\/2000\/svg\">\n<path d=\"M0 2.7998V17.1998H20V2.7998H0ZM0.8 3.5998H19.2V4.6123L10 11.8873L0.8 4.6123V3.5998ZM0.8 5.6373L9.75 12.7123C9.89688 12.8295 10.1031 12.8295 10.25 12.7123L19.2 5.6373V16.3998H0.8V5.6373Z\" fill=\"#333333\"\/>\n<\/svg>\n\t\t\t\t\t<\/div>\n\t\t\t\t<\/div>\n\t\t\t<\/div>\n\t\t\t\t<div class=\"icon-box-text last-reset\">\n\t\t\t\t\t\t\t\t\t\n\t<div id=\"text-3244533585\" class=\"text\">\n\t\t\n<p>Email: Nguyenthanhnha1982@gmail.com<\/p>\n\t\t\n<style>\n#text-3244533585 {\n  color: rgb(255, 255, 255);\n}\n#text-3244533585 > * {\n  color: rgb(255, 255, 255);\n}\n<\/style>\n\t<\/div>\n\t\n\t\t<\/div>\n\t<\/div>\n\t\n\t\n\t<div id=\"gap-989166461\" class=\"gap-element clearfix\" style=\"display:block; height:auto;\">\n\t\t\n<style>\n#gap-989166461 {\n  padding-top: 20px;\n}\n<\/style>\n\t<\/div>\n\t\n<div class=\"social-icons follow-icons contact__social\" ><span>Theo d\u00f5i ch\u00fang t\u00f4i<\/span><a href=\"x\" target=\"_blank\" data-label=\"Facebook\" rel=\"noopener noreferrer nofollow\" class=\"icon primary button circle facebook tooltip\" title=\"Follow on Facebook\" aria-label=\"Follow on Facebook\"><i class=\"icon-facebook\" ><\/i><\/a><a href=\"x\" target=\"_blank\" rel=\"noopener noreferrer nofollow\" data-label=\"Instagram\" class=\"icon primary button circle  instagram tooltip\" title=\"Follow on Instagram\" aria-label=\"Follow on Instagram\"><i class=\"icon-instagram\" ><\/i><\/a><a href=\"x\" target=\"_blank\" rel=\"noopener noreferrer nofollow\" data-label=\"LinkedIn\" class=\"icon primary button circle  linkedin tooltip\" title=\"Follow on LinkedIn\" aria-label=\"Follow on LinkedIn\"><i class=\"icon-linkedin\" ><\/i><\/a><a href=\"x\" target=\"_blank\" rel=\"noopener noreferrer nofollow\" data-label=\"YouTube\" class=\"icon primary button circle  youtube tooltip\" title=\"Follow on YouTube\" aria-label=\"Follow on YouTube\"><i class=\"icon-youtube\" ><\/i><\/a><\/div>\n\t\t<\/div>\n\t\t\t\t\n<style>\n#col-1249293911 > .col-inner {\n  padding: 26px 20px 0px 28px;\n  border-radius: 23px;\n}\n<\/style>\n\t<\/div>\n\n\t\n\n\t<div id=\"col-513593493\" class=\"col contact__form medium-12 small-12 large-7\"  >\n\t\t\t\t<div class=\"col-inner\"  >\n\t\t\t\n\t\t\t\n\t<div id=\"text-2467165152\" class=\"text\">\n\t\t\n<h2>G\u1eecI Y\u00caU C\u1ea6U<\/h2>\n\t\t\n<style>\n#text-2467165152 {\n  font-size: 1.25rem;\n  text-align: center;\n  color: #1e73be;\n}\n#text-2467165152 > * {\n  color: #1e73be;\n}\n<\/style>\n\t<\/div>\n\t\n\t<div id=\"gap-315394438\" class=\"gap-element clearfix\" style=\"display:block; height:auto;\">\n\t\t\n<style>\n#gap-315394438 {\n  padding-top: 10px;\n}\n@media (min-width:550px) {\n  #gap-315394438 {\n    padding-top: 20px;\n  }\n}\n@media (min-width:850px) {\n  #gap-315394438 {\n    padding-top: 14px;\n  }\n}\n<\/style>\n\t<\/div>\n\t\n\n<div class=\"wpcf7 no-js\" id=\"wpcf7-f467-o1\" lang=\"vi\" dir=\"ltr\" data-wpcf7-id=\"467\">\n<div class=\"screen-reader-response\"><p role=\"status\" aria-live=\"polite\" aria-atomic=\"true\"><\/p> <ul><\/ul><\/div>\n<form action=\"\/index.php?rest_route=%2Fwp%2Fv2%2Fpages%2F412#wpcf7-f467-o1\" method=\"post\" class=\"wpcf7-form init\" aria-label=\"Form li\u00ean h\u1ec7\" novalidate=\"novalidate\" data-status=\"init\">\n<fieldset class=\"hidden-fields-container\"><input type=\"hidden\" name=\"_wpcf7\" value=\"467\" \/><input type=\"hidden\" name=\"_wpcf7_version\" value=\"6.1.5\" \/><input type=\"hidden\" name=\"_wpcf7_locale\" value=\"vi\" \/><input type=\"hidden\" name=\"_wpcf7_unit_tag\" value=\"wpcf7-f467-o1\" \/><input type=\"hidden\" name=\"_wpcf7_container_post\" value=\"0\" \/><input type=\"hidden\" name=\"_wpcf7_posted_data_hash\" value=\"\" \/>\n<\/fieldset>\n<div class=\"input__group\">\n\t<p><label for=\"contactName\">H\u1ecd v\u00e0 t\u00ean <i>*<\/i><\/label><br \/>\n<span class=\"wpcf7-form-control-wrap\" data-name=\"text-name\"><input size=\"40\" maxlength=\"400\" class=\"wpcf7-form-control wpcf7-text wpcf7-validates-as-required\" id=\"contactName\" aria-required=\"true\" aria-invalid=\"false\" placeholder=\"H\u1ecd t\u00ean...\" value=\"\" type=\"text\" name=\"text-name\" \/><\/span>\n\t<\/p>\n<\/div>\n<div class=\"input__group\">\n\t<p><label for=\"contactEmail\">Email <i>*<\/i><\/label><br \/>\n<span class=\"wpcf7-form-control-wrap\" data-name=\"email-868\"><input size=\"40\" maxlength=\"400\" class=\"wpcf7-form-control wpcf7-email wpcf7-validates-as-required wpcf7-text wpcf7-validates-as-email\" id=\"contactEmail\" aria-required=\"true\" aria-invalid=\"false\" placeholder=\"Email\" value=\"\" type=\"email\" name=\"email-868\" \/><\/span>\n\t<\/p>\n<\/div>\n<div class=\"input__group\">\n\t<p><label for=\"contactSubject\">Ti\u00eau \u0111\u1ec1 <i>*<\/i><\/label><br \/>\n<span class=\"wpcf7-form-control-wrap\" data-name=\"text-title\"><input size=\"40\" maxlength=\"400\" class=\"wpcf7-form-control wpcf7-text wpcf7-validates-as-required\" id=\"contactSubject\" aria-required=\"true\" aria-invalid=\"false\" placeholder=\"Ti\u00eau \u0111\u1ec1\" value=\"\" type=\"text\" name=\"text-title\" \/><\/span>\n\t<\/p>\n<\/div>\n<div class=\"input__group\">\n\t<p><label for=\"contactContent\">N\u1ed9i dung <i>*<\/i><\/label><br \/>\n<span class=\"wpcf7-form-control-wrap\" data-name=\"id:contactContent\"><textarea cols=\"40\" rows=\"10\" maxlength=\"2000\" class=\"wpcf7-form-control wpcf7-textarea wpcf7-validates-as-required\" aria-required=\"true\" aria-invalid=\"false\" placeholder=\"Nh\u1eadp n\u1ed9i d\u1ee5ng\" name=\"id:contactContent\"><\/textarea><\/span>\n\t<\/p>\n<\/div>\n<div class=\"input__group\">\n\t<p><input class=\"wpcf7-form-control wpcf7-submit has-spinner\" type=\"submit\" value=\"G\u1eedi y\u00eau c\u1ea7u\" \/>\n\t<\/p>\n<\/div><div class=\"wpcf7-response-output\" aria-hidden=\"true\"><\/div>\n<\/form>\n<\/div>\n\n\t\t<\/div>\n\t\t\t\t\n<style>\n#col-513593493 > .col-inner {\n  padding: 0px 40px 0px 40px;\n}\n<\/style>\n\t<\/div>\n\n\t\n<\/div>\n<div class=\"row\"  id=\"row-1866483281\">\n\n\t<div id=\"col-705598866\" class=\"col small-12 large-12\"  >\n\t\t\t\t<div class=\"col-inner\"  >\n\t\t\t\n\t\t\t\n<p><iframe src=\"https:\/\/www.google.com\/maps\/embed?pb=!1m18!1m12!1m3!1d4822.53347907304!2d106.677443!3d10.790981000000002!2m3!1f0!2f0!3f0!3m2!1i1024!2i768!4f13.1!3m3!1m2!1s0x3175296adf00a95d%3A0x3f8181a3a6218f87!2zVGjhuqd5IE5ow6MgZOG6oXkgbMOhaSB4ZQ!5e1!3m2!1sen!2s!4v1772170058821!5m2!1sen!2s\" width=\"100%\" height=\"450\" style=\"border:0;\" allowfullscreen=\"\" loading=\"lazy\" referrerpolicy=\"no-referrer-when-downgrade\"><\/iframe><\/p>\n\t\t<\/div>\n\t\t\t\t\t<\/div>\n\n\t\n\n<style>\n#row-1866483281 > .col > .col-inner {\n  padding: 20px 0px 0px 0px;\n}\n<\/style>\n<\/div>\n","protected":false},"excerpt":{"rendered":"","protected":false},"author":1,"featured_media":0,"parent":0,"menu_order":0,"comment_status":"closed","ping_status":"closed","template":"page-blank.php","meta":{"footnotes":""},"class_list":["post-412","page","type-page","status-publish","hentry"],"yoast_head":"<!-- This site is optimized with the Yoast SEO plugin v27.0 - https:\/\/yoast.com\/product\/yoast-seo-wordpress\/ -->\n<title>Li\u00ean h\u1ec7 - H\u1ecdc L\u00e1i Xe \u00d4 T\u00f4 TP.HCM | Th\u1ea7y Nh\u00e3 \u2013 T\u1ef7 L\u1ec7 \u0110\u1eadu Cao<\/title>\n<meta name=\"robots\" content=\"noindex, follow, max-snippet:-1, max-image-preview:large, max-video-preview:-1\" \/>\n<meta property=\"og:locale\" content=\"vi_VN\" \/>\n<meta property=\"og:type\" content=\"article\" \/>\n<meta property=\"og:title\" content=\"Li\u00ean h\u1ec7 - H\u1ecdc L\u00e1i Xe \u00d4 T\u00f4 TP.HCM | Th\u1ea7y Nh\u00e3 \u2013 T\u1ef7 L\u1ec7 \u0110\u1eadu Cao\" \/>\n<meta property=\"og:url\" content=\"https:\/\/thaynhadaylaioto.com\/?page_id=412\" \/>\n<meta property=\"og:site_name\" content=\"H\u1ecdc L\u00e1i Xe \u00d4 T\u00f4 TP.HCM | Th\u1ea7y Nh\u00e3 \u2013 T\u1ef7 L\u1ec7 \u0110\u1eadu Cao\" \/>\n<meta property=\"article:modified_time\" content=\"2026-02-27T05:45:38+00:00\" \/>\n<meta property=\"og:image\" content=\"https:\/\/thaynhadaylaioto.com\/wp-content\/uploads\/2026\/02\/thumbnail-762x400-1.png\" \/>\n\t<meta property=\"og:image:width\" content=\"762\" \/>\n\t<meta property=\"og:image:height\" content=\"400\" \/>\n\t<meta property=\"og:image:type\" content=\"image\/png\" \/>\n<meta name=\"twitter:card\" content=\"summary_large_image\" \/>\n<meta name=\"twitter:label1\" content=\"\u01af\u1edbc t\u00ednh th\u1eddi gian \u0111\u1ecdc\" \/>\n\t<meta name=\"twitter:data1\" content=\"1 ph\u00fat\" \/>\n<script type=\"application\/ld+json\" class=\"yoast-schema-graph\">{\"@context\":\"https:\/\/schema.org\",\"@graph\":[{\"@type\":\"WebPage\",\"@id\":\"https:\/\/thaynhadaylaioto.com\/?page_id=412\",\"url\":\"https:\/\/thaynhadaylaioto.com\/?page_id=412\",\"name\":\"Li\u00ean h\u1ec7 - H\u1ecdc L\u00e1i Xe \u00d4 T\u00f4 TP.HCM | Th\u1ea7y Nh\u00e3 \u2013 T\u1ef7 L\u1ec7 \u0110\u1eadu Cao\",\"isPartOf\":{\"@id\":\"https:\/\/thaynhadaylaioto.com\/#website\"},\"datePublished\":\"2021-08-09T06:18:26+00:00\",\"dateModified\":\"2026-02-27T05:45:38+00:00\",\"breadcrumb\":{\"@id\":\"https:\/\/thaynhadaylaioto.com\/?page_id=412#breadcrumb\"},\"inLanguage\":\"vi\",\"potentialAction\":[{\"@type\":\"ReadAction\",\"target\":[\"https:\/\/thaynhadaylaioto.com\/?page_id=412\"]}]},{\"@type\":\"BreadcrumbList\",\"@id\":\"https:\/\/thaynhadaylaioto.com\/?page_id=412#breadcrumb\",\"itemListElement\":[{\"@type\":\"ListItem\",\"position\":1,\"name\":\"Trang ch\u1ee7\",\"item\":\"https:\/\/thaynhadaylaioto.com\/\"},{\"@type\":\"ListItem\",\"position\":2,\"name\":\"Li\u00ean h\u1ec7\"}]},{\"@type\":\"WebSite\",\"@id\":\"https:\/\/thaynhadaylaioto.com\/#website\",\"url\":\"https:\/\/thaynhadaylaioto.com\/\",\"name\":\"H\u1ecdc L\u00e1i Xe \u00d4 T\u00f4 TP.HCM | Th\u1ea7y Nh\u00e3 \u2013 T\u1ef7 L\u1ec7 \u0110\u1eadu Cao\",\"description\":\"\u0110\u0103ng k\u00fd h\u1ecdc l\u00e1i xe \u00f4 t\u00f4 v\u1edbi th\u1ea7y Nh\u00e3 t\u1ea1i TP.HCM. L\u1ecbch h\u1ecdc linh ho\u1ea1t, h\u1ecdc th\u1ef1c h\u00e0nh tr\u00ean xe m\u1edbi, thi th\u1eed l\u00fd thuy\u1ebft online, h\u1ed7 tr\u1ee3 tr\u1ecdn g\u00f3i h\u1ed3 s\u01a1, kh\u00f4ng ph\u00e1t sinh chi ph\u00ed.\",\"publisher\":{\"@id\":\"https:\/\/thaynhadaylaioto.com\/#organization\"},\"alternateName\":\"Th\u1ea7y Nh\u00e3 D\u1ea1y L\u00e1i OTO HCM\",\"potentialAction\":[{\"@type\":\"SearchAction\",\"target\":{\"@type\":\"EntryPoint\",\"urlTemplate\":\"https:\/\/thaynhadaylaioto.com\/?s={search_term_string}\"},\"query-input\":{\"@type\":\"PropertyValueSpecification\",\"valueRequired\":true,\"valueName\":\"search_term_string\"}}],\"inLanguage\":\"vi\"},{\"@type\":\"Organization\",\"@id\":\"https:\/\/thaynhadaylaioto.com\/#organization\",\"name\":\"Th\u1ea7y Nh\u00e3 D\u1ea1y \u00d4 T\u00f4 TP.HCM | Th\u1ea7y Nh\u00e3 \u2013 T\u1ef7 L\u1ec7 \u0110\u1eadu Cao\",\"alternateName\":\"\u0110\u0103ng k\u00fd h\u1ecdc l\u00e1i xe \u00f4 t\u00f4 v\u1edbi th\u1ea7y Nh\u00e3 t\u1ea1i TP.HCM. L\u1ecbch h\u1ecdc linh ho\u1ea1t, h\u1ecdc th\u1ef1c h\u00e0nh tr\u00ean xe m\u1edbi, thi th\u1eed l\u00fd thuy\u1ebft online, h\u1ed7 tr\u1ee3 tr\u1ecdn g\u00f3i h\u1ed3 s\u01a1, kh\u00f4ng ph\u00e1t sinh chi ph\u00ed.\",\"url\":\"https:\/\/thaynhadaylaioto.com\/\",\"logo\":{\"@type\":\"ImageObject\",\"inLanguage\":\"vi\",\"@id\":\"https:\/\/thaynhadaylaioto.com\/#\/schema\/logo\/image\/\",\"url\":\"https:\/\/thaynhadaylaioto.com\/wp-content\/uploads\/2026\/02\/cropped-favicon.jpg\",\"contentUrl\":\"https:\/\/thaynhadaylaioto.com\/wp-content\/uploads\/2026\/02\/cropped-favicon.jpg\",\"width\":512,\"height\":512,\"caption\":\"Th\u1ea7y Nh\u00e3 D\u1ea1y \u00d4 T\u00f4 TP.HCM | Th\u1ea7y Nh\u00e3 \u2013 T\u1ef7 L\u1ec7 \u0110\u1eadu Cao\"},\"image\":{\"@id\":\"https:\/\/thaynhadaylaioto.com\/#\/schema\/logo\/image\/\"}}]}<\/script>\n<!-- \/ Yoast SEO plugin. -->","yoast_head_json":{"title":"Li\u00ean h\u1ec7 - H\u1ecdc L\u00e1i Xe \u00d4 T\u00f4 TP.HCM | Th\u1ea7y Nh\u00e3 \u2013 T\u1ef7 L\u1ec7 \u0110\u1eadu Cao","robots":{"index":"noindex","follow":"follow","max-snippet":"max-snippet:-1","max-image-preview":"max-image-preview:large","max-video-preview":"max-video-preview:-1"},"og_locale":"vi_VN","og_type":"article","og_title":"Li\u00ean h\u1ec7 - H\u1ecdc L\u00e1i Xe \u00d4 T\u00f4 TP.HCM | Th\u1ea7y Nh\u00e3 \u2013 T\u1ef7 L\u1ec7 \u0110\u1eadu Cao","og_url":"https:\/\/thaynhadaylaioto.com\/?page_id=412","og_site_name":"H\u1ecdc L\u00e1i Xe \u00d4 T\u00f4 TP.HCM | Th\u1ea7y Nh\u00e3 \u2013 T\u1ef7 L\u1ec7 \u0110\u1eadu Cao","article_modified_time":"2026-02-27T05:45:38+00:00","og_image":[{"width":762,"height":400,"url":"https:\/\/thaynhadaylaioto.com\/wp-content\/uploads\/2026\/02\/thumbnail-762x400-1.png","type":"image\/png"}],"twitter_card":"summary_large_image","twitter_misc":{"\u01af\u1edbc t\u00ednh th\u1eddi gian \u0111\u1ecdc":"1 ph\u00fat"},"schema":{"@context":"https:\/\/schema.org","@graph":[{"@type":"WebPage","@id":"https:\/\/thaynhadaylaioto.com\/?page_id=412","url":"https:\/\/thaynhadaylaioto.com\/?page_id=412","name":"Li\u00ean h\u1ec7 - H\u1ecdc L\u00e1i Xe \u00d4 T\u00f4 TP.HCM | Th\u1ea7y Nh\u00e3 \u2013 T\u1ef7 L\u1ec7 \u0110\u1eadu Cao","isPartOf":{"@id":"https:\/\/thaynhadaylaioto.com\/#website"},"datePublished":"2021-08-09T06:18:26+00:00","dateModified":"2026-02-27T05:45:38+00:00","breadcrumb":{"@id":"https:\/\/thaynhadaylaioto.com\/?page_id=412#breadcrumb"},"inLanguage":"vi","potentialAction":[{"@type":"ReadAction","target":["https:\/\/thaynhadaylaioto.com\/?page_id=412"]}]},{"@type":"BreadcrumbList","@id":"https:\/\/thaynhadaylaioto.com\/?page_id=412#breadcrumb","itemListElement":[{"@type":"ListItem","position":1,"name":"Trang ch\u1ee7","item":"https:\/\/thaynhadaylaioto.com\/"},{"@type":"ListItem","position":2,"name":"Li\u00ean h\u1ec7"}]},{"@type":"WebSite","@id":"https:\/\/thaynhadaylaioto.com\/#website","url":"https:\/\/thaynhadaylaioto.com\/","name":"H\u1ecdc L\u00e1i Xe \u00d4 T\u00f4 TP.HCM | Th\u1ea7y Nh\u00e3 \u2013 T\u1ef7 L\u1ec7 \u0110\u1eadu Cao","description":"\u0110\u0103ng k\u00fd h\u1ecdc l\u00e1i xe \u00f4 t\u00f4 v\u1edbi th\u1ea7y Nh\u00e3 t\u1ea1i TP.HCM. L\u1ecbch h\u1ecdc linh ho\u1ea1t, h\u1ecdc th\u1ef1c h\u00e0nh tr\u00ean xe m\u1edbi, thi th\u1eed l\u00fd thuy\u1ebft online, h\u1ed7 tr\u1ee3 tr\u1ecdn g\u00f3i h\u1ed3 s\u01a1, kh\u00f4ng ph\u00e1t sinh chi ph\u00ed.","publisher":{"@id":"https:\/\/thaynhadaylaioto.com\/#organization"},"alternateName":"Th\u1ea7y Nh\u00e3 D\u1ea1y L\u00e1i OTO HCM","potentialAction":[{"@type":"SearchAction","target":{"@type":"EntryPoint","urlTemplate":"https:\/\/thaynhadaylaioto.com\/?s={search_term_string}"},"query-input":{"@type":"PropertyValueSpecification","valueRequired":true,"valueName":"search_term_string"}}],"inLanguage":"vi"},{"@type":"Organization","@id":"https:\/\/thaynhadaylaioto.com\/#organization","name":"Th\u1ea7y Nh\u00e3 D\u1ea1y \u00d4 T\u00f4 TP.HCM | Th\u1ea7y Nh\u00e3 \u2013 T\u1ef7 L\u1ec7 \u0110\u1eadu Cao","alternateName":"\u0110\u0103ng k\u00fd h\u1ecdc l\u00e1i xe \u00f4 t\u00f4 v\u1edbi th\u1ea7y Nh\u00e3 t\u1ea1i TP.HCM. L\u1ecbch h\u1ecdc linh ho\u1ea1t, h\u1ecdc th\u1ef1c h\u00e0nh tr\u00ean xe m\u1edbi, thi th\u1eed l\u00fd thuy\u1ebft online, h\u1ed7 tr\u1ee3 tr\u1ecdn g\u00f3i h\u1ed3 s\u01a1, kh\u00f4ng ph\u00e1t sinh chi ph\u00ed.","url":"https:\/\/thaynhadaylaioto.com\/","logo":{"@type":"ImageObject","inLanguage":"vi","@id":"https:\/\/thaynhadaylaioto.com\/#\/schema\/logo\/image\/","url":"https:\/\/thaynhadaylaioto.com\/wp-content\/uploads\/2026\/02\/cropped-favicon.jpg","contentUrl":"https:\/\/thaynhadaylaioto.com\/wp-content\/uploads\/2026\/02\/cropped-favicon.jpg","width":512,"height":512,"caption":"Th\u1ea7y Nh\u00e3 D\u1ea1y \u00d4 T\u00f4 TP.HCM | Th\u1ea7y Nh\u00e3 \u2013 T\u1ef7 L\u1ec7 \u0110\u1eadu Cao"},"image":{"@id":"https:\/\/thaynhadaylaioto.com\/#\/schema\/logo\/image\/"}}]}},"_links":{"self":[{"href":"https:\/\/thaynhadaylaioto.com\/index.php?rest_route=\/wp\/v2\/pages\/412","targetHints":{"allow":["GET"]}}],"collection":[{"href":"https:\/\/thaynhadaylaioto.com\/index.php?rest_route=\/wp\/v2\/pages"}],"about":[{"href":"https:\/\/thaynhadaylaioto.com\/index.php?rest_route=\/wp\/v2\/types\/page"}],"author":[{"embeddable":true,"href":"https:\/\/thaynhadaylaioto.com\/index.php?rest_route=\/wp\/v2\/users\/1"}],"replies":[{"embeddable":true,"href":"https:\/\/thaynhadaylaioto.com\/index.php?rest_route=%2Fwp%2Fv2%2Fcomments&post=412"}],"version-history":[{"count":48,"href":"https:\/\/thaynhadaylaioto.com\/index.php?rest_route=\/wp\/v2\/pages\/412\/revisions"}],"predecessor-version":[{"id":5217,"href":"https:\/\/thaynhadaylaioto.com\/index.php?rest_route=\/wp\/v2\/pages\/412\/revisions\/5217"}],"wp:attachment":[{"href":"https:\/\/thaynhadaylaioto.com\/index.php?rest_route=%2Fwp%2Fv2%2Fmedia&parent=412"}],"curies":[{"name":"wp","href":"https:\/\/api.w.org\/{rel}","templated":true}]}}